{"id":3091,"date":"2025-07-10T10:39:32","date_gmt":"2025-07-10T10:39:32","guid":{"rendered":"https:\/\/tangen.dragster.digital\/about-us\/sustainability\/"},"modified":"2025-09-09T09:16:08","modified_gmt":"2025-09-09T09:16:08","slug":"sustainability","status":"publish","type":"page","link":"https:\/\/tangen.dragster.digital\/en\/about-us\/sustainability\/","title":{"rendered":"Sustainability"},"content":{"rendered":"\t\t<div data-elementor-type=\"wp-page\" data-elementor-id=\"3091\" class=\"elementor elementor-3091 elementor-2102\" data-elementor-post-type=\"page\">\n\t\t\t\t<div class=\"elementor-element elementor-element-201d5a1f e-flex e-con-boxed e-con e-parent\" data-id=\"201d5a1f\" data-element_type=\"container\" data-settings=\"{&quot;background_background&quot;:&quot;classic&quot;}\">\n\t\t\t\t\t<div class=\"e-con-inner\">\n\t\t<div class=\"elementor-element elementor-element-7740acf e-con-full e-flex e-con e-child\" data-id=\"7740acf\" data-element_type=\"container\">\n\t\t\t\t<div class=\"elementor-element elementor-element-c7c3f11 elementor-widget elementor-widget-shortcode\" data-id=\"c7c3f11\" data-element_type=\"widget\" data-widget_type=\"shortcode.default\">\n\t\t\t\t<div class=\"elementor-widget-container\">\n\t\t\t\t\t\t\t<div class=\"elementor-shortcode\"><div class=\"aioseo-breadcrumbs\"><span class=\"aioseo-breadcrumb\">\n\t\t\tStart\n\t\t<\/span><\/div><\/div>\n\t\t\t\t\t\t<\/div>\n\t\t\t\t<\/div>\n\t\t\t\t<\/div>\n\t\t<div class=\"elementor-element elementor-element-4d423f0 e-con-full e-flex e-con e-child\" data-id=\"4d423f0\" data-element_type=\"container\">\n\t\t\t\t<\/div>\n\t\t<div class=\"elementor-element elementor-element-723e5e9b e-con-full elementor-hidden-desktop e-flex e-con e-child\" data-id=\"723e5e9b\" data-element_type=\"container\">\n\t\t\t\t<div class=\"elementor-element elementor-element-2db3e534 elementor-widget elementor-widget-heading\" data-id=\"2db3e534\" data-element_type=\"widget\" data-widget_type=\"heading.default\">\n\t\t\t\t<div class=\"elementor-widget-container\">\n\t\t\t\t\t<p class=\"elementor-heading-title elementor-size-default\">T\u00e5ngen\u2019s sustainability efforts<\/p>\t\t\t\t<\/div>\n\t\t\t\t<\/div>\n\t\t\t\t<div class=\"elementor-element elementor-element-1397bb89 elementor-widget-mobile__width-initial elementor-widget elementor-widget-heading\" data-id=\"1397bb89\" data-element_type=\"widget\" data-widget_type=\"heading.default\">\n\t\t\t\t<div class=\"elementor-widget-container\">\n\t\t\t\t\t<h2 class=\"elementor-heading-title elementor-size-default\">Focus on quality and long-term thinking<\/h2>\t\t\t\t<\/div>\n\t\t\t\t<\/div>\n\t\t\t\t<\/div>\n\t\t<div class=\"elementor-element elementor-element-7421c649 e-con-full e-grid e-con e-child\" data-id=\"7421c649\" data-element_type=\"container\">\n\t\t<div class=\"elementor-element elementor-element-489a8894 e-con-full e-flex e-con e-child\" data-id=\"489a8894\" data-element_type=\"container\">\n\t\t\t\t<div class=\"elementor-element elementor-element-164017b2 elementor-hidden-mobile elementor-hidden-tablet elementor-widget elementor-widget-heading\" data-id=\"164017b2\" data-element_type=\"widget\" data-widget_type=\"heading.default\">\n\t\t\t\t<div class=\"elementor-widget-container\">\n\t\t\t\t\t<p class=\"elementor-heading-title elementor-size-default\">T\u00e5ngen\u2019s sustainability efforts<\/p>\t\t\t\t<\/div>\n\t\t\t\t<\/div>\n\t\t\t\t<div class=\"elementor-element elementor-element-7c8efc0d elementor-widget-mobile__width-initial elementor-hidden-mobile elementor-hidden-tablet elementor-widget elementor-widget-heading\" data-id=\"7c8efc0d\" data-element_type=\"widget\" data-widget_type=\"heading.default\">\n\t\t\t\t<div class=\"elementor-widget-container\">\n\t\t\t\t\t<h2 class=\"elementor-heading-title elementor-size-default\">Focus on quality and long-term thinking<\/h2>\t\t\t\t<\/div>\n\t\t\t\t<\/div>\n\t\t\t\t<\/div>\n\t\t<div class=\"elementor-element elementor-element-6b25d888 e-con-full e-flex e-con e-child\" data-id=\"6b25d888\" data-element_type=\"container\" data-settings=\"{&quot;background_background&quot;:&quot;classic&quot;}\">\n\t\t\t\t<\/div>\n\t\t\t\t<\/div>\n\t\t\t\t\t<\/div>\n\t\t\t\t<\/div>\n\t\t<div class=\"elementor-element elementor-element-4467aa18 e-flex e-con-boxed e-con e-parent\" data-id=\"4467aa18\" data-element_type=\"container\">\n\t\t\t\t\t<div class=\"e-con-inner\">\n\t\t<div class=\"elementor-element elementor-element-6484029b e-con-full e-flex e-con e-child\" data-id=\"6484029b\" data-element_type=\"container\" data-settings=\"{&quot;background_background&quot;:&quot;classic&quot;}\">\n\t\t\t\t<div class=\"elementor-element elementor-element-7037e74e elementor-widget elementor-widget-heading\" data-id=\"7037e74e\" data-element_type=\"widget\" data-widget_type=\"heading.default\">\n\t\t\t\t<div class=\"elementor-widget-container\">\n\t\t\t\t\t<h3 class=\"elementor-heading-title elementor-size-default\">Driving a sustainable transition<\/h3>\t\t\t\t<\/div>\n\t\t\t\t<\/div>\n\t\t\t\t<div class=\"elementor-element elementor-element-5f930202 elementor-widget elementor-widget-text-editor\" data-id=\"5f930202\" data-element_type=\"widget\" data-widget_type=\"text-editor.default\">\n\t\t\t\t<div class=\"elementor-widget-container\">\n\t\t\t\t\t\t\t\t\t<p>T\u00e5ngen ensures that companies within the group operate based on a sustainable model, where financial stability is combined with social and environmental responsibility. We believe that real change happens through concrete, everyday actions \u2013 where sustainability is integrated into business decisions, production, procurement, and leadership. <\/p><p>By working long-term with business development, circularity, and resource efficiency, our companies can strengthen both their competitiveness and their contribution to the transition. We see sustainability as a tool for building the companies of the future \u2013 robust, relevant, and responsible. <\/p>\t\t\t\t\t\t\t\t<\/div>\n\t\t\t\t<\/div>\n\t\t\t\t<\/div>\n\t\t<div class=\"elementor-element elementor-element-2220a52c e-con-full e-flex e-con e-child\" data-id=\"2220a52c\" data-element_type=\"container\">\n\t\t\t\t<div class=\"elementor-element elementor-element-2dd24915 elementor-widget elementor-widget-image\" data-id=\"2dd24915\" data-element_type=\"widget\" data-widget_type=\"image.default\">\n\t\t\t\t<div class=\"elementor-widget-container\">\n\t\t\t\t\t\t\t\t\t\t\t\t\t\t\t<img fetchpriority=\"high\" decoding=\"async\" width=\"800\" height=\"600\" src=\"https:\/\/tangen.dragster.digital\/wp-content\/uploads\/2025\/07\/4e66d1cc36524f155f08617db792588fa0782df8-1-1024x768.jpg\" class=\"attachment-large size-large wp-image-2108\" alt=\"Sunlight shining through a green forest.\" srcset=\"https:\/\/tangen.dragster.digital\/wp-content\/uploads\/2025\/07\/4e66d1cc36524f155f08617db792588fa0782df8-1-1024x768.jpg 1024w, https:\/\/tangen.dragster.digital\/wp-content\/uploads\/2025\/07\/4e66d1cc36524f155f08617db792588fa0782df8-1-300x225.jpg 300w, https:\/\/tangen.dragster.digital\/wp-content\/uploads\/2025\/07\/4e66d1cc36524f155f08617db792588fa0782df8-1-768x576.jpg 768w, https:\/\/tangen.dragster.digital\/wp-content\/uploads\/2025\/07\/4e66d1cc36524f155f08617db792588fa0782df8-1-1536x1152.jpg 1536w, https:\/\/tangen.dragster.digital\/wp-content\/uploads\/2025\/07\/4e66d1cc36524f155f08617db792588fa0782df8-1-2048x1536.jpg 2048w\" sizes=\"(max-width: 800px) 100vw, 800px\" \/>\t\t\t\t\t\t\t\t\t\t\t\t\t\t\t<\/div>\n\t\t\t\t<\/div>\n\t\t\t\t<\/div>\n\t\t\t\t\t<\/div>\n\t\t\t\t<\/div>\n\t\t<div class=\"elementor-element elementor-element-21116e0e e-flex e-con-boxed e-con e-parent\" data-id=\"21116e0e\" data-element_type=\"container\">\n\t\t\t\t\t<div class=\"e-con-inner\">\n\t\t<div class=\"elementor-element elementor-element-4bbe8922 e-con-full e-flex e-con e-child\" data-id=\"4bbe8922\" data-element_type=\"container\" data-settings=\"{&quot;background_background&quot;:&quot;classic&quot;}\">\n\t\t\t\t<div class=\"elementor-element elementor-element-2651275c elementor-widget elementor-widget-heading\" data-id=\"2651275c\" data-element_type=\"widget\" data-widget_type=\"heading.default\">\n\t\t\t\t<div class=\"elementor-widget-container\">\n\t\t\t\t\t<h3 class=\"elementor-heading-title elementor-size-default\">Our approach to sustainability<\/h3>\t\t\t\t<\/div>\n\t\t\t\t<\/div>\n\t\t\t\t<div class=\"elementor-element elementor-element-3fbeb584 elementor-widget elementor-widget-text-editor\" data-id=\"3fbeb584\" data-element_type=\"widget\" data-widget_type=\"text-editor.default\">\n\t\t\t\t<div class=\"elementor-widget-container\">\n\t\t\t\t\t\t\t\t\t<p>By extending the lifespan of buildings, machinery, and other assets, we minimize unnecessary wear and consumption, contributing to a more sustainable future.<br>It\u2019s about creating sustainable workplaces, investing in smart and energy-efficient solutions, and developing operations that contribute positively to both business and society. In this way, sustainability becomes not just an ambition \u2013 but a concrete part of the business. <\/p>\t\t\t\t\t\t\t\t<\/div>\n\t\t\t\t<\/div>\n\t\t\t\t<\/div>\n\t\t<div class=\"elementor-element elementor-element-4de89a1 e-con-full e-flex e-con e-child\" data-id=\"4de89a1\" data-element_type=\"container\">\n\t\t\t\t<div class=\"elementor-element elementor-element-28928e5f elementor-widget elementor-widget-image\" data-id=\"28928e5f\" data-element_type=\"widget\" data-widget_type=\"image.default\">\n\t\t\t\t<div class=\"elementor-widget-container\">\n\t\t\t\t\t\t\t\t\t\t\t\t\t\t\t<img decoding=\"async\" width=\"800\" height=\"534\" src=\"https:\/\/tangen.dragster.digital\/wp-content\/uploads\/2025\/07\/53d89afec3052ea7ebbecf0ad3db94ce543a6e3b-1-1024x683.jpg\" class=\"attachment-large size-large wp-image-2110\" alt=\"Close-up of hands using a tablet.\" srcset=\"https:\/\/tangen.dragster.digital\/wp-content\/uploads\/2025\/07\/53d89afec3052ea7ebbecf0ad3db94ce543a6e3b-1-1024x683.jpg 1024w, https:\/\/tangen.dragster.digital\/wp-content\/uploads\/2025\/07\/53d89afec3052ea7ebbecf0ad3db94ce543a6e3b-1-300x200.jpg 300w, https:\/\/tangen.dragster.digital\/wp-content\/uploads\/2025\/07\/53d89afec3052ea7ebbecf0ad3db94ce543a6e3b-1-768x512.jpg 768w, https:\/\/tangen.dragster.digital\/wp-content\/uploads\/2025\/07\/53d89afec3052ea7ebbecf0ad3db94ce543a6e3b-1-1536x1024.jpg 1536w, https:\/\/tangen.dragster.digital\/wp-content\/uploads\/2025\/07\/53d89afec3052ea7ebbecf0ad3db94ce543a6e3b-1-2048x1366.jpg 2048w\" sizes=\"(max-width: 800px) 100vw, 800px\" \/>\t\t\t\t\t\t\t\t\t\t\t\t\t\t\t<\/div>\n\t\t\t\t<\/div>\n\t\t\t\t<\/div>\n\t\t\t\t\t<\/div>\n\t\t\t\t<\/div>\n\t\t<div class=\"elementor-element elementor-element-034650c e-flex e-con-boxed elementor-invisible e-con e-parent\" data-id=\"034650c\" data-element_type=\"container\" data-settings=\"{&quot;animation&quot;:&quot;fadeInUp&quot;}\">\n\t\t\t\t\t<div class=\"e-con-inner\">\n\t\t<div class=\"elementor-element elementor-element-31b0725 e-con-full e-flex e-con e-child\" data-id=\"31b0725\" data-element_type=\"container\" data-settings=\"{&quot;background_background&quot;:&quot;classic&quot;}\">\n\t\t\t\t<div class=\"elementor-element elementor-element-1a9f005 elementor-blockquote--skin-quotation elementor-widget__width-initial elementor-hidden-mobile elementor-widget elementor-widget-blockquote\" data-id=\"1a9f005\" data-element_type=\"widget\" data-widget_type=\"blockquote.default\">\n\t\t\t\t<div class=\"elementor-widget-container\">\n\t\t\t\t\t\t\t<blockquote class=\"elementor-blockquote\">\n\t\t\t<p class=\"elementor-blockquote__content\">\n\t\t\t\tSustainability for us is about more than the environment \u2013 it\u2019s a way of thinking, working, and taking responsibility. When we own and develop companies, we place great emphasis on their ability to stay relevant, efficient, and sustainable over time.\" \t\t\t<\/p>\n\t\t\t\t\t\t\t<div class=\"e-q-footer\">\n\t\t\t\t\t\t\t\t\t\t\t<cite class=\"elementor-blockquote__author\">\u2013 Elin Johansson, Koncerncontroller<\/cite>\n\t\t\t\t\t\t\t\t\t\t\t\t\t\t<\/div>\n\t\t\t\t\t<\/blockquote>\n\t\t\t\t\t\t<\/div>\n\t\t\t\t<\/div>\n\t\t\t\t<\/div>\n\t\t<div class=\"elementor-element elementor-element-3de32a2 e-con-full elementor-hidden-desktop e-flex e-con e-child\" data-id=\"3de32a2\" data-element_type=\"container\" data-settings=\"{&quot;background_background&quot;:&quot;classic&quot;}\">\n\t\t<div class=\"elementor-element elementor-element-e685598 e-con-full e-flex e-con e-child\" data-id=\"e685598\" data-element_type=\"container\">\n\t\t\t\t<div class=\"elementor-element elementor-element-37b051d elementor-blockquote--skin-quotation elementor-blockquote--align-left elementor-widget elementor-widget-blockquote\" data-id=\"37b051d\" data-element_type=\"widget\" data-widget_type=\"blockquote.default\">\n\t\t\t\t<div class=\"elementor-widget-container\">\n\t\t\t\t\t\t\t<blockquote class=\"elementor-blockquote\">\n\t\t\t<p class=\"elementor-blockquote__content\">\n\t\t\t\tSustainability for us is about more than the environment \u2013 it\u2019s a way of thinking, working, and taking responsibility. When we own and develop companies, we place great emphasis on their ability to stay relevant, efficient, and sustainable over time. \t\t\t<\/p>\n\t\t\t\t\t\t\t<div class=\"e-q-footer\">\n\t\t\t\t\t\t\t\t\t\t\t<cite class=\"elementor-blockquote__author\">\u2013 Fredrik L\u00f6fgren, IR &amp; f\u00f6rv\u00e4rv p\u00e5 T\u00e5ngen<\/cite>\n\t\t\t\t\t\t\t\t\t\t\t\t\t\t<\/div>\n\t\t\t\t\t<\/blockquote>\n\t\t\t\t\t\t<\/div>\n\t\t\t\t<\/div>\n\t\t\t\t<\/div>\n\t\t\t\t<\/div>\n\t\t\t\t\t<\/div>\n\t\t\t\t<\/div>\n\t\t\t\t<\/div>\n\t\t","protected":false},"excerpt":{"rendered":"<p>T\u00e5ngen\u2019s sustainability efforts Focus on quality and long-term thinking T\u00e5ngen\u2019s sustainability efforts Focus on quality and long-term thinking Driving a sustainable transition T\u00e5ngen ensures that companies within the group operate based on a sustainable model, where financial stability is combined with social and environmental responsibility. We believe that real change happens through concrete, everyday actions [&hellip;]<\/p>\n","protected":false},"author":1,"featured_media":0,"parent":5584,"menu_order":0,"comment_status":"closed","ping_status":"closed","template":"","meta":{"inline_featured_image":false,"_monsterinsights_skip_tracking":false,"_monsterinsights_sitenote_active":false,"_monsterinsights_sitenote_note":"","_monsterinsights_sitenote_category":0,"footnotes":""},"class_list":["post-3091","page","type-page","status-publish","hentry"],"aioseo_notices":[],"meta_box":[],"_links":{"self":[{"href":"https:\/\/tangen.dragster.digital\/en\/wp-json\/wp\/v2\/pages\/3091","targetHints":{"allow":["GET"]}}],"collection":[{"href":"https:\/\/tangen.dragster.digital\/en\/wp-json\/wp\/v2\/pages"}],"about":[{"href":"https:\/\/tangen.dragster.digital\/en\/wp-json\/wp\/v2\/types\/page"}],"author":[{"embeddable":true,"href":"https:\/\/tangen.dragster.digital\/en\/wp-json\/wp\/v2\/users\/1"}],"replies":[{"embeddable":true,"href":"https:\/\/tangen.dragster.digital\/en\/wp-json\/wp\/v2\/comments?post=3091"}],"version-history":[{"count":0,"href":"https:\/\/tangen.dragster.digital\/en\/wp-json\/wp\/v2\/pages\/3091\/revisions"}],"up":[{"embeddable":true,"href":"https:\/\/tangen.dragster.digital\/en\/wp-json\/wp\/v2\/pages\/5584"}],"wp:attachment":[{"href":"https:\/\/tangen.dragster.digital\/en\/wp-json\/wp\/v2\/media?parent=3091"}],"curies":[{"name":"wp","href":"https:\/\/api.w.org\/{rel}","templated":true}]}}